{"id":6851,"date":"2026-02-25T12:05:51","date_gmt":"2026-02-25T18:05:51","guid":{"rendered":"https:\/\/test01.chat2desk.mx\/?post_type=product&#038;p=6851"},"modified":"2026-02-25T13:11:37","modified_gmt":"2026-02-25T19:11:37","slug":"gift-organic-pre-natal-happy-mom-60-min","status":"publish","type":"product","link":"https:\/\/test01.chat2desk.mx\/?product=gift-organic-pre-natal-happy-mom-60-min","title":{"rendered":"Gift-ORGANIC PRE NATAL HAPPY MOM \/ 60 MIN"},"content":{"rendered":"<p>Obsequie descanso absoluto en esta etapa especial. Este masaje es ideal para embarazadas, ya que ayuda a reducir la tensi\u00f3n asociada al embarazo, relajando los m\u00fasculos y estimulando la circulaci\u00f3n sangu\u00ednea.<\/p>\n","protected":false},"excerpt":{"rendered":"<p>Obsequie descanso absoluto en esta etapa especial. Este masaje es ideal para embarazadas, ya que ayuda a reducir la tensi\u00f3n asociada al embarazo, relajando los m\u00fasculos y estimulando la circulaci\u00f3n sangu\u00ednea.<\/p>\n","protected":false},"featured_media":6860,"comment_status":"open","ping_status":"closed","template":"","meta":[],"product_brand":[],"product_cat":[48,49],"product_tag":[50],"class_list":{"0":"post-6851","1":"product","2":"type-product","3":"status-publish","4":"has-post-thumbnail","6":"product_cat-masajes","7":"product_cat-regala","8":"product_tag-regala","10":"first","11":"instock","12":"shipping-taxable","13":"purchasable","14":"product-type-simple"},"yoast_head":"<!-- This site is optimized with the Yoast SEO Premium plugin v26.9 (Yoast SEO v26.9) - https:\/\/yoast.com\/product\/yoast-seo-premium-wordpress\/ -->\n<title>Gift-ORGANIC PRE NATAL HAPPY MOM \/ 60 MIN - Chat2desk Mexico<\/title>\n<meta name=\"description\" content=\"Regala un masaje prenatal de 60 min. Alivia la tensi\u00f3n del embarazo, relaja los m\u00fasculos y mejora la circulaci\u00f3n con cuidado org\u00e1nico. Regala bienestar!\" \/>\n<meta name=\"robots\" content=\"index, follow, max-snippet:-1, max-image-preview:large, max-video-preview:-1\" \/>\n<link rel=\"canonical\" href=\"https:\/\/test01.chat2desk.mx\/?product=gift-organic-pre-natal-happy-mom-60-min\" \/>\n<meta property=\"og:locale\" content=\"es_MX\" \/>\n<meta property=\"og:type\" content=\"article\" \/>\n<meta property=\"og:title\" content=\"Gift-ORGANIC PRE NATAL HAPPY MOM \/ 60 MIN\" \/>\n<meta property=\"og:description\" content=\"Regala un masaje prenatal de 60 min. Alivia la tensi\u00f3n del embarazo, relaja los m\u00fasculos y mejora la circulaci\u00f3n con cuidado org\u00e1nico. Regala bienestar!\" \/>\n<meta property=\"og:url\" content=\"https:\/\/test01.chat2desk.mx\/?product=gift-organic-pre-natal-happy-mom-60-min\" \/>\n<meta property=\"og:site_name\" content=\"Chat2desk Mexico\" \/>\n<meta property=\"article:modified_time\" content=\"2026-02-25T19:11:37+00:00\" \/>\n<meta property=\"og:image\" content=\"https:\/\/test01.chat2desk.mx\/wp-content\/uploads\/2026\/02\/549-e1768515929940.jpg\" \/>\n\t<meta property=\"og:image:width\" content=\"1000\" \/>\n\t<meta property=\"og:image:height\" content=\"1000\" \/>\n\t<meta property=\"og:image:type\" content=\"image\/jpeg\" \/>\n<meta name=\"twitter:card\" content=\"summary_large_image\" \/>\n<meta name=\"twitter:label1\" content=\"Tiempo de lectura\" \/>\n\t<meta name=\"twitter:data1\" content=\"1 minuto\" \/>\n<script type=\"application\/ld+json\" class=\"yoast-schema-graph\">{\"@context\":\"https:\/\/schema.org\",\"@graph\":[{\"@type\":\"WebPage\",\"@id\":\"https:\/\/test01.chat2desk.mx\/?product=gift-organic-pre-natal-happy-mom-60-min\",\"url\":\"https:\/\/test01.chat2desk.mx\/?product=gift-organic-pre-natal-happy-mom-60-min\",\"name\":\"Gift-ORGANIC PRE NATAL HAPPY MOM \/ 60 MIN - Chat2desk Mexico\",\"isPartOf\":{\"@id\":\"https:\/\/test01.chat2desk.mx\/#website\"},\"primaryImageOfPage\":{\"@id\":\"https:\/\/test01.chat2desk.mx\/?product=gift-organic-pre-natal-happy-mom-60-min#primaryimage\"},\"image\":{\"@id\":\"https:\/\/test01.chat2desk.mx\/?product=gift-organic-pre-natal-happy-mom-60-min#primaryimage\"},\"thumbnailUrl\":\"https:\/\/test01.chat2desk.mx\/wp-content\/uploads\/2026\/02\/549-e1768515929940.jpg\",\"datePublished\":\"2026-02-25T18:05:51+00:00\",\"dateModified\":\"2026-02-25T19:11:37+00:00\",\"description\":\"Regala un masaje prenatal de 60 min. Alivia la tensi\u00f3n del embarazo, relaja los m\u00fasculos y mejora la circulaci\u00f3n con cuidado org\u00e1nico. Regala bienestar!\",\"breadcrumb\":{\"@id\":\"https:\/\/test01.chat2desk.mx\/?product=gift-organic-pre-natal-happy-mom-60-min#breadcrumb\"},\"inLanguage\":\"es\",\"potentialAction\":[{\"@type\":\"ReadAction\",\"target\":[\"https:\/\/test01.chat2desk.mx\/?product=gift-organic-pre-natal-happy-mom-60-min\"]}]},{\"@type\":\"ImageObject\",\"inLanguage\":\"es\",\"@id\":\"https:\/\/test01.chat2desk.mx\/?product=gift-organic-pre-natal-happy-mom-60-min#primaryimage\",\"url\":\"https:\/\/test01.chat2desk.mx\/wp-content\/uploads\/2026\/02\/549-e1768515929940.jpg\",\"contentUrl\":\"https:\/\/test01.chat2desk.mx\/wp-content\/uploads\/2026\/02\/549-e1768515929940.jpg\",\"width\":1000,\"height\":1000},{\"@type\":\"BreadcrumbList\",\"@id\":\"https:\/\/test01.chat2desk.mx\/?product=gift-organic-pre-natal-happy-mom-60-min#breadcrumb\",\"itemListElement\":[{\"@type\":\"ListItem\",\"position\":1,\"name\":\"Inicio\",\"item\":\"https:\/\/test01.chat2desk.mx\/\"},{\"@type\":\"ListItem\",\"position\":2,\"name\":\"Gift\",\"item\":\"https:\/\/test01.chat2desk.mx\/?page_id=16\"},{\"@type\":\"ListItem\",\"position\":3,\"name\":\"Gift-ORGANIC PRE NATAL HAPPY MOM \/ 60 MIN\"}]},{\"@type\":\"WebSite\",\"@id\":\"https:\/\/test01.chat2desk.mx\/#website\",\"url\":\"https:\/\/test01.chat2desk.mx\/\",\"name\":\"Chat2desk Mexico\",\"description\":\"\",\"potentialAction\":[{\"@type\":\"SearchAction\",\"target\":{\"@type\":\"EntryPoint\",\"urlTemplate\":\"https:\/\/test01.chat2desk.mx\/?s={search_term_string}\"},\"query-input\":{\"@type\":\"PropertyValueSpecification\",\"valueRequired\":true,\"valueName\":\"search_term_string\"}}],\"inLanguage\":\"es\"}]}<\/script>\n<!-- \/ Yoast SEO Premium plugin. -->","yoast_head_json":{"title":"Gift-ORGANIC PRE NATAL HAPPY MOM \/ 60 MIN - Chat2desk Mexico","description":"Regala un masaje prenatal de 60 min. Alivia la tensi\u00f3n del embarazo, relaja los m\u00fasculos y mejora la circulaci\u00f3n con cuidado org\u00e1nico. Regala bienestar!","robots":{"index":"index","follow":"follow","max-snippet":"max-snippet:-1","max-image-preview":"max-image-preview:large","max-video-preview":"max-video-preview:-1"},"canonical":"https:\/\/test01.chat2desk.mx\/?product=gift-organic-pre-natal-happy-mom-60-min","og_locale":"es_MX","og_type":"article","og_title":"Gift-ORGANIC PRE NATAL HAPPY MOM \/ 60 MIN","og_description":"Regala un masaje prenatal de 60 min. Alivia la tensi\u00f3n del embarazo, relaja los m\u00fasculos y mejora la circulaci\u00f3n con cuidado org\u00e1nico. Regala bienestar!","og_url":"https:\/\/test01.chat2desk.mx\/?product=gift-organic-pre-natal-happy-mom-60-min","og_site_name":"Chat2desk Mexico","article_modified_time":"2026-02-25T19:11:37+00:00","og_image":[{"width":1000,"height":1000,"url":"https:\/\/test01.chat2desk.mx\/wp-content\/uploads\/2026\/02\/549-e1768515929940.jpg","type":"image\/jpeg"}],"twitter_card":"summary_large_image","twitter_misc":{"Tiempo de lectura":"1 minuto"},"schema":{"@context":"https:\/\/schema.org","@graph":[{"@type":"WebPage","@id":"https:\/\/test01.chat2desk.mx\/?product=gift-organic-pre-natal-happy-mom-60-min","url":"https:\/\/test01.chat2desk.mx\/?product=gift-organic-pre-natal-happy-mom-60-min","name":"Gift-ORGANIC PRE NATAL HAPPY MOM \/ 60 MIN - Chat2desk Mexico","isPartOf":{"@id":"https:\/\/test01.chat2desk.mx\/#website"},"primaryImageOfPage":{"@id":"https:\/\/test01.chat2desk.mx\/?product=gift-organic-pre-natal-happy-mom-60-min#primaryimage"},"image":{"@id":"https:\/\/test01.chat2desk.mx\/?product=gift-organic-pre-natal-happy-mom-60-min#primaryimage"},"thumbnailUrl":"https:\/\/test01.chat2desk.mx\/wp-content\/uploads\/2026\/02\/549-e1768515929940.jpg","datePublished":"2026-02-25T18:05:51+00:00","dateModified":"2026-02-25T19:11:37+00:00","description":"Regala un masaje prenatal de 60 min. Alivia la tensi\u00f3n del embarazo, relaja los m\u00fasculos y mejora la circulaci\u00f3n con cuidado org\u00e1nico. Regala bienestar!","breadcrumb":{"@id":"https:\/\/test01.chat2desk.mx\/?product=gift-organic-pre-natal-happy-mom-60-min#breadcrumb"},"inLanguage":"es","potentialAction":[{"@type":"ReadAction","target":["https:\/\/test01.chat2desk.mx\/?product=gift-organic-pre-natal-happy-mom-60-min"]}]},{"@type":"ImageObject","inLanguage":"es","@id":"https:\/\/test01.chat2desk.mx\/?product=gift-organic-pre-natal-happy-mom-60-min#primaryimage","url":"https:\/\/test01.chat2desk.mx\/wp-content\/uploads\/2026\/02\/549-e1768515929940.jpg","contentUrl":"https:\/\/test01.chat2desk.mx\/wp-content\/uploads\/2026\/02\/549-e1768515929940.jpg","width":1000,"height":1000},{"@type":"BreadcrumbList","@id":"https:\/\/test01.chat2desk.mx\/?product=gift-organic-pre-natal-happy-mom-60-min#breadcrumb","itemListElement":[{"@type":"ListItem","position":1,"name":"Inicio","item":"https:\/\/test01.chat2desk.mx\/"},{"@type":"ListItem","position":2,"name":"Gift","item":"https:\/\/test01.chat2desk.mx\/?page_id=16"},{"@type":"ListItem","position":3,"name":"Gift-ORGANIC PRE NATAL HAPPY MOM \/ 60 MIN"}]},{"@type":"WebSite","@id":"https:\/\/test01.chat2desk.mx\/#website","url":"https:\/\/test01.chat2desk.mx\/","name":"Chat2desk Mexico","description":"","potentialAction":[{"@type":"SearchAction","target":{"@type":"EntryPoint","urlTemplate":"https:\/\/test01.chat2desk.mx\/?s={search_term_string}"},"query-input":{"@type":"PropertyValueSpecification","valueRequired":true,"valueName":"search_term_string"}}],"inLanguage":"es"}]}},"_links":{"self":[{"href":"https:\/\/test01.chat2desk.mx\/index.php?rest_route=\/wp\/v2\/product\/6851","targetHints":{"allow":["GET"]}}],"collection":[{"href":"https:\/\/test01.chat2desk.mx\/index.php?rest_route=\/wp\/v2\/product"}],"about":[{"href":"https:\/\/test01.chat2desk.mx\/index.php?rest_route=\/wp\/v2\/types\/product"}],"replies":[{"embeddable":true,"href":"https:\/\/test01.chat2desk.mx\/index.php?rest_route=%2Fwp%2Fv2%2Fcomments&post=6851"}],"wp:featuredmedia":[{"embeddable":true,"href":"https:\/\/test01.chat2desk.mx\/index.php?rest_route=\/wp\/v2\/media\/6860"}],"wp:attachment":[{"href":"https:\/\/test01.chat2desk.mx\/index.php?rest_route=%2Fwp%2Fv2%2Fmedia&parent=6851"}],"wp:term":[{"taxonomy":"product_brand","embeddable":true,"href":"https:\/\/test01.chat2desk.mx\/index.php?rest_route=%2Fwp%2Fv2%2Fproduct_brand&post=6851"},{"taxonomy":"product_cat","embeddable":true,"href":"https:\/\/test01.chat2desk.mx\/index.php?rest_route=%2Fwp%2Fv2%2Fproduct_cat&post=6851"},{"taxonomy":"product_tag","embeddable":true,"href":"https:\/\/test01.chat2desk.mx\/index.php?rest_route=%2Fwp%2Fv2%2Fproduct_tag&post=6851"}],"curies":[{"name":"wp","href":"https:\/\/api.w.org\/{rel}","templated":true}]}}