{"id":6868,"date":"2026-02-25T12:38:41","date_gmt":"2026-02-25T18:38:41","guid":{"rendered":"https:\/\/test01.chat2desk.mx\/?post_type=product&#038;p=6868"},"modified":"2026-02-25T13:41:46","modified_gmt":"2026-02-25T19:41:46","slug":"luxury-facial-treatment-70-min","status":"publish","type":"product","link":"https:\/\/test01.chat2desk.mx\/?product=luxury-facial-treatment-70-min","title":{"rendered":"Luxury Facial Treatment \/ 70 MIN"},"content":{"rendered":"<p>Regala restauraci\u00f3n profunda.\u00a0 Este exclusivo ritual facial dise\u00f1ado para nutrir, proteger y revitalizar la piel con una experiencia sensorial \u00fanica. Inspirado en las excepcionales propiedades del \u00e1cido hialur\u00f3nico, la trehalosa natural, el escualeno vegetal y el aloe vera org\u00e1nico, este tratamiento combina lo mejor de la ciencia cosm\u00e9tica con la pureza de los ingredientes naturales para ofrecer un cuidado intensivo que realza la belleza natural de la cut\u00e1nea. Es una opci\u00f3n perfecta para quienes buscan un lujo consciente y sostenible, <b data-path-to-node=\"4,1\" data-index-in-node=\"252\">especialmente<\/b> para recuperar la piel despu\u00e9s de un largo viaje.<\/p>\n","protected":false},"excerpt":{"rendered":"<p>Regala restauraci\u00f3n profunda.\u00a0 Este exclusivo ritual facial dise\u00f1ado para nutrir, proteger y revitalizar la piel con una experiencia sensorial \u00fanica. Inspirado en las excepcionales propiedades del \u00e1cido hialur\u00f3nico, la trehalosa natural, el escualeno vegetal y el aloe vera org\u00e1nico, este tratamiento combina lo mejor de la ciencia cosm\u00e9tica con la pureza de los ingredientes naturales para ofrecer un cuidado intensivo que realza la belleza natural de la cut\u00e1nea. Es una opci\u00f3n perfecta para quienes buscan un lujo consciente y sostenible, <b data-path-to-node=\"4,1\" data-index-in-node=\"252\">especialmente<\/b> para recuperar la piel despu\u00e9s de un largo viaje.<\/p>\n","protected":false},"featured_media":6857,"comment_status":"open","ping_status":"closed","template":"","meta":[],"product_brand":[],"product_cat":[31,52,49],"product_tag":[50],"class_list":{"0":"post-6868","1":"product","2":"type-product","3":"status-publish","4":"has-post-thumbnail","6":"product_cat-beauty","7":"product_cat-faciales","8":"product_cat-regala","9":"product_tag-regala","11":"first","12":"instock","13":"shipping-taxable","14":"purchasable","15":"product-type-simple"},"yoast_head":"<!-- This site is optimized with the Yoast SEO Premium plugin v26.9 (Yoast SEO v26.9) - https:\/\/yoast.com\/product\/yoast-seo-premium-wordpress\/ -->\n<title>Luxury Facial Treatment \/ 70 MIN - Chat2desk Mexico<\/title>\n<meta name=\"description\" content=\"Regala un Luxury Facial de 70 min. Con \u00e1cido hialur\u00f3nico y escualeno para restaurar, proteger y revitalizar tu piel con lujo sostenible. \u00a1Reserva ahora!\" \/>\n<meta name=\"robots\" content=\"index, follow, max-snippet:-1, max-image-preview:large, max-video-preview:-1\" \/>\n<link rel=\"canonical\" href=\"https:\/\/test01.chat2desk.mx\/?product=luxury-facial-treatment-70-min\" \/>\n<meta property=\"og:locale\" content=\"es_MX\" \/>\n<meta property=\"og:type\" content=\"article\" \/>\n<meta property=\"og:title\" content=\"Luxury Facial Treatment \/ 70 MIN\" \/>\n<meta property=\"og:description\" content=\"Regala un Luxury Facial de 70 min. Con \u00e1cido hialur\u00f3nico y escualeno para restaurar, proteger y revitalizar tu piel con lujo sostenible. \u00a1Reserva ahora!\" \/>\n<meta property=\"og:url\" content=\"https:\/\/test01.chat2desk.mx\/?product=luxury-facial-treatment-70-min\" \/>\n<meta property=\"og:site_name\" content=\"Chat2desk Mexico\" \/>\n<meta property=\"article:modified_time\" content=\"2026-02-25T19:41:46+00:00\" \/>\n<meta property=\"og:image\" content=\"https:\/\/test01.chat2desk.mx\/wp-content\/uploads\/2022\/08\/vegan.png\" \/>\n\t<meta property=\"og:image:width\" content=\"1080\" \/>\n\t<meta property=\"og:image:height\" content=\"1080\" \/>\n\t<meta property=\"og:image:type\" content=\"image\/png\" \/>\n<meta name=\"twitter:card\" content=\"summary_large_image\" \/>\n<meta name=\"twitter:label1\" content=\"Tiempo de lectura\" \/>\n\t<meta name=\"twitter:data1\" content=\"1 minuto\" \/>\n<script type=\"application\/ld+json\" class=\"yoast-schema-graph\">{\"@context\":\"https:\/\/schema.org\",\"@graph\":[{\"@type\":\"WebPage\",\"@id\":\"https:\/\/test01.chat2desk.mx\/?product=luxury-facial-treatment-70-min\",\"url\":\"https:\/\/test01.chat2desk.mx\/?product=luxury-facial-treatment-70-min\",\"name\":\"Luxury Facial Treatment \/ 70 MIN - Chat2desk Mexico\",\"isPartOf\":{\"@id\":\"https:\/\/test01.chat2desk.mx\/#website\"},\"primaryImageOfPage\":{\"@id\":\"https:\/\/test01.chat2desk.mx\/?product=luxury-facial-treatment-70-min#primaryimage\"},\"image\":{\"@id\":\"https:\/\/test01.chat2desk.mx\/?product=luxury-facial-treatment-70-min#primaryimage\"},\"thumbnailUrl\":\"https:\/\/test01.chat2desk.mx\/wp-content\/uploads\/2022\/08\/vegan.png\",\"datePublished\":\"2026-02-25T18:38:41+00:00\",\"dateModified\":\"2026-02-25T19:41:46+00:00\",\"description\":\"Regala un Luxury Facial de 70 min. Con \u00e1cido hialur\u00f3nico y escualeno para restaurar, proteger y revitalizar tu piel con lujo sostenible. \u00a1Reserva ahora!\",\"breadcrumb\":{\"@id\":\"https:\/\/test01.chat2desk.mx\/?product=luxury-facial-treatment-70-min#breadcrumb\"},\"inLanguage\":\"es\",\"potentialAction\":[{\"@type\":\"ReadAction\",\"target\":[\"https:\/\/test01.chat2desk.mx\/?product=luxury-facial-treatment-70-min\"]}]},{\"@type\":\"ImageObject\",\"inLanguage\":\"es\",\"@id\":\"https:\/\/test01.chat2desk.mx\/?product=luxury-facial-treatment-70-min#primaryimage\",\"url\":\"https:\/\/test01.chat2desk.mx\/wp-content\/uploads\/2022\/08\/vegan.png\",\"contentUrl\":\"https:\/\/test01.chat2desk.mx\/wp-content\/uploads\/2022\/08\/vegan.png\",\"width\":1080,\"height\":1080},{\"@type\":\"BreadcrumbList\",\"@id\":\"https:\/\/test01.chat2desk.mx\/?product=luxury-facial-treatment-70-min#breadcrumb\",\"itemListElement\":[{\"@type\":\"ListItem\",\"position\":1,\"name\":\"Inicio\",\"item\":\"https:\/\/test01.chat2desk.mx\/\"},{\"@type\":\"ListItem\",\"position\":2,\"name\":\"Gift\",\"item\":\"https:\/\/test01.chat2desk.mx\/?page_id=16\"},{\"@type\":\"ListItem\",\"position\":3,\"name\":\"Luxury Facial Treatment \/ 70 MIN\"}]},{\"@type\":\"WebSite\",\"@id\":\"https:\/\/test01.chat2desk.mx\/#website\",\"url\":\"https:\/\/test01.chat2desk.mx\/\",\"name\":\"Chat2desk Mexico\",\"description\":\"\",\"potentialAction\":[{\"@type\":\"SearchAction\",\"target\":{\"@type\":\"EntryPoint\",\"urlTemplate\":\"https:\/\/test01.chat2desk.mx\/?s={search_term_string}\"},\"query-input\":{\"@type\":\"PropertyValueSpecification\",\"valueRequired\":true,\"valueName\":\"search_term_string\"}}],\"inLanguage\":\"es\"}]}<\/script>\n<!-- \/ Yoast SEO Premium plugin. -->","yoast_head_json":{"title":"Luxury Facial Treatment \/ 70 MIN - Chat2desk Mexico","description":"Regala un Luxury Facial de 70 min. Con \u00e1cido hialur\u00f3nico y escualeno para restaurar, proteger y revitalizar tu piel con lujo sostenible. \u00a1Reserva ahora!","robots":{"index":"index","follow":"follow","max-snippet":"max-snippet:-1","max-image-preview":"max-image-preview:large","max-video-preview":"max-video-preview:-1"},"canonical":"https:\/\/test01.chat2desk.mx\/?product=luxury-facial-treatment-70-min","og_locale":"es_MX","og_type":"article","og_title":"Luxury Facial Treatment \/ 70 MIN","og_description":"Regala un Luxury Facial de 70 min. Con \u00e1cido hialur\u00f3nico y escualeno para restaurar, proteger y revitalizar tu piel con lujo sostenible. \u00a1Reserva ahora!","og_url":"https:\/\/test01.chat2desk.mx\/?product=luxury-facial-treatment-70-min","og_site_name":"Chat2desk Mexico","article_modified_time":"2026-02-25T19:41:46+00:00","og_image":[{"width":1080,"height":1080,"url":"https:\/\/test01.chat2desk.mx\/wp-content\/uploads\/2022\/08\/vegan.png","type":"image\/png"}],"twitter_card":"summary_large_image","twitter_misc":{"Tiempo de lectura":"1 minuto"},"schema":{"@context":"https:\/\/schema.org","@graph":[{"@type":"WebPage","@id":"https:\/\/test01.chat2desk.mx\/?product=luxury-facial-treatment-70-min","url":"https:\/\/test01.chat2desk.mx\/?product=luxury-facial-treatment-70-min","name":"Luxury Facial Treatment \/ 70 MIN - Chat2desk Mexico","isPartOf":{"@id":"https:\/\/test01.chat2desk.mx\/#website"},"primaryImageOfPage":{"@id":"https:\/\/test01.chat2desk.mx\/?product=luxury-facial-treatment-70-min#primaryimage"},"image":{"@id":"https:\/\/test01.chat2desk.mx\/?product=luxury-facial-treatment-70-min#primaryimage"},"thumbnailUrl":"https:\/\/test01.chat2desk.mx\/wp-content\/uploads\/2022\/08\/vegan.png","datePublished":"2026-02-25T18:38:41+00:00","dateModified":"2026-02-25T19:41:46+00:00","description":"Regala un Luxury Facial de 70 min. Con \u00e1cido hialur\u00f3nico y escualeno para restaurar, proteger y revitalizar tu piel con lujo sostenible. \u00a1Reserva ahora!","breadcrumb":{"@id":"https:\/\/test01.chat2desk.mx\/?product=luxury-facial-treatment-70-min#breadcrumb"},"inLanguage":"es","potentialAction":[{"@type":"ReadAction","target":["https:\/\/test01.chat2desk.mx\/?product=luxury-facial-treatment-70-min"]}]},{"@type":"ImageObject","inLanguage":"es","@id":"https:\/\/test01.chat2desk.mx\/?product=luxury-facial-treatment-70-min#primaryimage","url":"https:\/\/test01.chat2desk.mx\/wp-content\/uploads\/2022\/08\/vegan.png","contentUrl":"https:\/\/test01.chat2desk.mx\/wp-content\/uploads\/2022\/08\/vegan.png","width":1080,"height":1080},{"@type":"BreadcrumbList","@id":"https:\/\/test01.chat2desk.mx\/?product=luxury-facial-treatment-70-min#breadcrumb","itemListElement":[{"@type":"ListItem","position":1,"name":"Inicio","item":"https:\/\/test01.chat2desk.mx\/"},{"@type":"ListItem","position":2,"name":"Gift","item":"https:\/\/test01.chat2desk.mx\/?page_id=16"},{"@type":"ListItem","position":3,"name":"Luxury Facial Treatment \/ 70 MIN"}]},{"@type":"WebSite","@id":"https:\/\/test01.chat2desk.mx\/#website","url":"https:\/\/test01.chat2desk.mx\/","name":"Chat2desk Mexico","description":"","potentialAction":[{"@type":"SearchAction","target":{"@type":"EntryPoint","urlTemplate":"https:\/\/test01.chat2desk.mx\/?s={search_term_string}"},"query-input":{"@type":"PropertyValueSpecification","valueRequired":true,"valueName":"search_term_string"}}],"inLanguage":"es"}]}},"_links":{"self":[{"href":"https:\/\/test01.chat2desk.mx\/index.php?rest_route=\/wp\/v2\/product\/6868","targetHints":{"allow":["GET"]}}],"collection":[{"href":"https:\/\/test01.chat2desk.mx\/index.php?rest_route=\/wp\/v2\/product"}],"about":[{"href":"https:\/\/test01.chat2desk.mx\/index.php?rest_route=\/wp\/v2\/types\/product"}],"replies":[{"embeddable":true,"href":"https:\/\/test01.chat2desk.mx\/index.php?rest_route=%2Fwp%2Fv2%2Fcomments&post=6868"}],"wp:featuredmedia":[{"embeddable":true,"href":"https:\/\/test01.chat2desk.mx\/index.php?rest_route=\/wp\/v2\/media\/6857"}],"wp:attachment":[{"href":"https:\/\/test01.chat2desk.mx\/index.php?rest_route=%2Fwp%2Fv2%2Fmedia&parent=6868"}],"wp:term":[{"taxonomy":"product_brand","embeddable":true,"href":"https:\/\/test01.chat2desk.mx\/index.php?rest_route=%2Fwp%2Fv2%2Fproduct_brand&post=6868"},{"taxonomy":"product_cat","embeddable":true,"href":"https:\/\/test01.chat2desk.mx\/index.php?rest_route=%2Fwp%2Fv2%2Fproduct_cat&post=6868"},{"taxonomy":"product_tag","embeddable":true,"href":"https:\/\/test01.chat2desk.mx\/index.php?rest_route=%2Fwp%2Fv2%2Fproduct_tag&post=6868"}],"curies":[{"name":"wp","href":"https:\/\/api.w.org\/{rel}","templated":true}]}}