{"id":6870,"date":"2026-02-25T12:41:08","date_gmt":"2026-02-25T18:41:08","guid":{"rendered":"https:\/\/test01.chat2desk.mx\/?post_type=product&#038;p=6870"},"modified":"2026-04-08T15:22:35","modified_gmt":"2026-04-08T21:22:35","slug":"facial-lifting-intense-kobido-70-min","status":"publish","type":"product","link":"https:\/\/test01.chat2desk.mx\/?product=facial-lifting-intense-kobido-70-min","title":{"rendered":"Facial lifting intense kobido \/ 70 MIN"},"content":{"rendered":"<p>Brinda el regalo de una piel renovada y radiante<b data-path-to-node=\"2,0\" data-index-in-node=\"0\">. <\/b>El tratamiento facial lifting es una forma fabulosa de rejuvenecer el rostro. Este facial utiliza una alta concentraci\u00f3n de ingredientes activos para reafirmar y restaurar la elasticidad cut\u00e1nea, junto con antioxidantes y nutrientes que ayudan a conseguir un aspecto visiblemente m\u00e1s joven.<\/p>\n","protected":false},"excerpt":{"rendered":"<p>Brinda el regalo de una piel renovada y radiante<b data-path-to-node=\"2,0\" data-index-in-node=\"0\">. <\/b>El tratamiento facial lifting es una forma fabulosa de rejuvenecer el rostro. Este facial utiliza una alta concentraci\u00f3n de ingredientes activos para reafirmar y restaurar la elasticidad cut\u00e1nea, junto con antioxidantes y nutrientes que ayudan a conseguir un aspecto visiblemente m\u00e1s joven.<\/p>\n","protected":false},"featured_media":6871,"comment_status":"open","ping_status":"closed","template":"","meta":[],"product_brand":[],"product_cat":[52,48,49],"product_tag":[50],"class_list":{"0":"post-6870","1":"product","2":"type-product","3":"status-publish","4":"has-post-thumbnail","6":"product_cat-faciales","7":"product_cat-masajes","8":"product_cat-regala","9":"product_tag-regala","11":"first","12":"instock","13":"shipping-taxable","14":"purchasable","15":"product-type-simple"},"yoast_head":"<!-- This site is optimized with the Yoast SEO Premium plugin v26.9 (Yoast SEO v26.9) - https:\/\/yoast.com\/product\/yoast-seo-premium-wordpress\/ -->\n<title>Facial lifting intense kobido \/ 70 MIN - Chat2desk Mexico<\/title>\n<meta name=\"description\" content=\"Regala un Lifting Facial Kobido de 70 min. Rejuvenece y reafirma tu rostro con ingredientes activos y antioxidantes de alta potencia. \u00a1Regala bienestar!\" \/>\n<meta name=\"robots\" content=\"index, follow, max-snippet:-1, max-image-preview:large, max-video-preview:-1\" \/>\n<link rel=\"canonical\" href=\"https:\/\/test01.chat2desk.mx\/?product=facial-lifting-intense-kobido-70-min\" \/>\n<meta property=\"og:locale\" content=\"es_MX\" \/>\n<meta property=\"og:type\" content=\"article\" \/>\n<meta property=\"og:title\" content=\"Facial lifting intense kobido \/ 70 MIN\" \/>\n<meta property=\"og:description\" content=\"Regala un Lifting Facial Kobido de 70 min. Rejuvenece y reafirma tu rostro con ingredientes activos y antioxidantes de alta potencia. \u00a1Regala bienestar!\" \/>\n<meta property=\"og:url\" content=\"https:\/\/test01.chat2desk.mx\/?product=facial-lifting-intense-kobido-70-min\" \/>\n<meta property=\"og:site_name\" content=\"Chat2desk Mexico\" \/>\n<meta property=\"article:modified_time\" content=\"2026-04-08T21:22:35+00:00\" \/>\n<meta property=\"og:image\" content=\"https:\/\/test01.chat2desk.mx\/wp-content\/uploads\/2026\/02\/facial-lifting-intense-kobido.jpg\" \/>\n\t<meta property=\"og:image:width\" content=\"1181\" \/>\n\t<meta property=\"og:image:height\" content=\"1181\" \/>\n\t<meta property=\"og:image:type\" content=\"image\/jpeg\" \/>\n<meta name=\"twitter:card\" content=\"summary_large_image\" \/>\n<meta name=\"twitter:label1\" content=\"Tiempo de lectura\" \/>\n\t<meta name=\"twitter:data1\" content=\"1 minuto\" \/>\n<script type=\"application\/ld+json\" class=\"yoast-schema-graph\">{\"@context\":\"https:\/\/schema.org\",\"@graph\":[{\"@type\":\"WebPage\",\"@id\":\"https:\/\/test01.chat2desk.mx\/?product=facial-lifting-intense-kobido-70-min\",\"url\":\"https:\/\/test01.chat2desk.mx\/?product=facial-lifting-intense-kobido-70-min\",\"name\":\"Facial lifting intense kobido \/ 70 MIN - Chat2desk Mexico\",\"isPartOf\":{\"@id\":\"https:\/\/test01.chat2desk.mx\/#website\"},\"primaryImageOfPage\":{\"@id\":\"https:\/\/test01.chat2desk.mx\/?product=facial-lifting-intense-kobido-70-min#primaryimage\"},\"image\":{\"@id\":\"https:\/\/test01.chat2desk.mx\/?product=facial-lifting-intense-kobido-70-min#primaryimage\"},\"thumbnailUrl\":\"https:\/\/test01.chat2desk.mx\/wp-content\/uploads\/2026\/02\/facial-lifting-intense-kobido.jpg\",\"datePublished\":\"2026-02-25T18:41:08+00:00\",\"dateModified\":\"2026-04-08T21:22:35+00:00\",\"description\":\"Regala un Lifting Facial Kobido de 70 min. Rejuvenece y reafirma tu rostro con ingredientes activos y antioxidantes de alta potencia. \u00a1Regala bienestar!\",\"breadcrumb\":{\"@id\":\"https:\/\/test01.chat2desk.mx\/?product=facial-lifting-intense-kobido-70-min#breadcrumb\"},\"inLanguage\":\"es\",\"potentialAction\":[{\"@type\":\"ReadAction\",\"target\":[\"https:\/\/test01.chat2desk.mx\/?product=facial-lifting-intense-kobido-70-min\"]}]},{\"@type\":\"ImageObject\",\"inLanguage\":\"es\",\"@id\":\"https:\/\/test01.chat2desk.mx\/?product=facial-lifting-intense-kobido-70-min#primaryimage\",\"url\":\"https:\/\/test01.chat2desk.mx\/wp-content\/uploads\/2026\/02\/facial-lifting-intense-kobido.jpg\",\"contentUrl\":\"https:\/\/test01.chat2desk.mx\/wp-content\/uploads\/2026\/02\/facial-lifting-intense-kobido.jpg\",\"width\":1181,\"height\":1181},{\"@type\":\"BreadcrumbList\",\"@id\":\"https:\/\/test01.chat2desk.mx\/?product=facial-lifting-intense-kobido-70-min#breadcrumb\",\"itemListElement\":[{\"@type\":\"ListItem\",\"position\":1,\"name\":\"Inicio\",\"item\":\"https:\/\/test01.chat2desk.mx\/\"},{\"@type\":\"ListItem\",\"position\":2,\"name\":\"Gift\",\"item\":\"https:\/\/test01.chat2desk.mx\/?page_id=16\"},{\"@type\":\"ListItem\",\"position\":3,\"name\":\"Facial lifting intense kobido \/ 70 MIN\"}]},{\"@type\":\"WebSite\",\"@id\":\"https:\/\/test01.chat2desk.mx\/#website\",\"url\":\"https:\/\/test01.chat2desk.mx\/\",\"name\":\"Chat2desk Mexico\",\"description\":\"\",\"potentialAction\":[{\"@type\":\"SearchAction\",\"target\":{\"@type\":\"EntryPoint\",\"urlTemplate\":\"https:\/\/test01.chat2desk.mx\/?s={search_term_string}\"},\"query-input\":{\"@type\":\"PropertyValueSpecification\",\"valueRequired\":true,\"valueName\":\"search_term_string\"}}],\"inLanguage\":\"es\"}]}<\/script>\n<!-- \/ Yoast SEO Premium plugin. -->","yoast_head_json":{"title":"Facial lifting intense kobido \/ 70 MIN - Chat2desk Mexico","description":"Regala un Lifting Facial Kobido de 70 min. Rejuvenece y reafirma tu rostro con ingredientes activos y antioxidantes de alta potencia. \u00a1Regala bienestar!","robots":{"index":"index","follow":"follow","max-snippet":"max-snippet:-1","max-image-preview":"max-image-preview:large","max-video-preview":"max-video-preview:-1"},"canonical":"https:\/\/test01.chat2desk.mx\/?product=facial-lifting-intense-kobido-70-min","og_locale":"es_MX","og_type":"article","og_title":"Facial lifting intense kobido \/ 70 MIN","og_description":"Regala un Lifting Facial Kobido de 70 min. Rejuvenece y reafirma tu rostro con ingredientes activos y antioxidantes de alta potencia. \u00a1Regala bienestar!","og_url":"https:\/\/test01.chat2desk.mx\/?product=facial-lifting-intense-kobido-70-min","og_site_name":"Chat2desk Mexico","article_modified_time":"2026-04-08T21:22:35+00:00","og_image":[{"width":1181,"height":1181,"url":"https:\/\/test01.chat2desk.mx\/wp-content\/uploads\/2026\/02\/facial-lifting-intense-kobido.jpg","type":"image\/jpeg"}],"twitter_card":"summary_large_image","twitter_misc":{"Tiempo de lectura":"1 minuto"},"schema":{"@context":"https:\/\/schema.org","@graph":[{"@type":"WebPage","@id":"https:\/\/test01.chat2desk.mx\/?product=facial-lifting-intense-kobido-70-min","url":"https:\/\/test01.chat2desk.mx\/?product=facial-lifting-intense-kobido-70-min","name":"Facial lifting intense kobido \/ 70 MIN - Chat2desk Mexico","isPartOf":{"@id":"https:\/\/test01.chat2desk.mx\/#website"},"primaryImageOfPage":{"@id":"https:\/\/test01.chat2desk.mx\/?product=facial-lifting-intense-kobido-70-min#primaryimage"},"image":{"@id":"https:\/\/test01.chat2desk.mx\/?product=facial-lifting-intense-kobido-70-min#primaryimage"},"thumbnailUrl":"https:\/\/test01.chat2desk.mx\/wp-content\/uploads\/2026\/02\/facial-lifting-intense-kobido.jpg","datePublished":"2026-02-25T18:41:08+00:00","dateModified":"2026-04-08T21:22:35+00:00","description":"Regala un Lifting Facial Kobido de 70 min. Rejuvenece y reafirma tu rostro con ingredientes activos y antioxidantes de alta potencia. \u00a1Regala bienestar!","breadcrumb":{"@id":"https:\/\/test01.chat2desk.mx\/?product=facial-lifting-intense-kobido-70-min#breadcrumb"},"inLanguage":"es","potentialAction":[{"@type":"ReadAction","target":["https:\/\/test01.chat2desk.mx\/?product=facial-lifting-intense-kobido-70-min"]}]},{"@type":"ImageObject","inLanguage":"es","@id":"https:\/\/test01.chat2desk.mx\/?product=facial-lifting-intense-kobido-70-min#primaryimage","url":"https:\/\/test01.chat2desk.mx\/wp-content\/uploads\/2026\/02\/facial-lifting-intense-kobido.jpg","contentUrl":"https:\/\/test01.chat2desk.mx\/wp-content\/uploads\/2026\/02\/facial-lifting-intense-kobido.jpg","width":1181,"height":1181},{"@type":"BreadcrumbList","@id":"https:\/\/test01.chat2desk.mx\/?product=facial-lifting-intense-kobido-70-min#breadcrumb","itemListElement":[{"@type":"ListItem","position":1,"name":"Inicio","item":"https:\/\/test01.chat2desk.mx\/"},{"@type":"ListItem","position":2,"name":"Gift","item":"https:\/\/test01.chat2desk.mx\/?page_id=16"},{"@type":"ListItem","position":3,"name":"Facial lifting intense kobido \/ 70 MIN"}]},{"@type":"WebSite","@id":"https:\/\/test01.chat2desk.mx\/#website","url":"https:\/\/test01.chat2desk.mx\/","name":"Chat2desk Mexico","description":"","potentialAction":[{"@type":"SearchAction","target":{"@type":"EntryPoint","urlTemplate":"https:\/\/test01.chat2desk.mx\/?s={search_term_string}"},"query-input":{"@type":"PropertyValueSpecification","valueRequired":true,"valueName":"search_term_string"}}],"inLanguage":"es"}]}},"_links":{"self":[{"href":"https:\/\/test01.chat2desk.mx\/index.php?rest_route=\/wp\/v2\/product\/6870","targetHints":{"allow":["GET"]}}],"collection":[{"href":"https:\/\/test01.chat2desk.mx\/index.php?rest_route=\/wp\/v2\/product"}],"about":[{"href":"https:\/\/test01.chat2desk.mx\/index.php?rest_route=\/wp\/v2\/types\/product"}],"replies":[{"embeddable":true,"href":"https:\/\/test01.chat2desk.mx\/index.php?rest_route=%2Fwp%2Fv2%2Fcomments&post=6870"}],"wp:featuredmedia":[{"embeddable":true,"href":"https:\/\/test01.chat2desk.mx\/index.php?rest_route=\/wp\/v2\/media\/6871"}],"wp:attachment":[{"href":"https:\/\/test01.chat2desk.mx\/index.php?rest_route=%2Fwp%2Fv2%2Fmedia&parent=6870"}],"wp:term":[{"taxonomy":"product_brand","embeddable":true,"href":"https:\/\/test01.chat2desk.mx\/index.php?rest_route=%2Fwp%2Fv2%2Fproduct_brand&post=6870"},{"taxonomy":"product_cat","embeddable":true,"href":"https:\/\/test01.chat2desk.mx\/index.php?rest_route=%2Fwp%2Fv2%2Fproduct_cat&post=6870"},{"taxonomy":"product_tag","embeddable":true,"href":"https:\/\/test01.chat2desk.mx\/index.php?rest_route=%2Fwp%2Fv2%2Fproduct_tag&post=6870"}],"curies":[{"name":"wp","href":"https:\/\/api.w.org\/{rel}","templated":true}]}}