{"id":959,"date":"2022-08-29T03:21:38","date_gmt":"2022-08-29T03:21:38","guid":{"rendered":"https:\/\/demo.ovathemewp.com\/mellis\/?post_type=product&#038;p=959"},"modified":"2026-04-08T15:30:01","modified_gmt":"2026-04-08T21:30:01","slug":"foundation","status":"publish","type":"product","link":"https:\/\/test01.chat2desk.mx\/?product=foundation","title":{"rendered":"Gift-Vegan Relaxing Massage \/ 80 MIN"},"content":{"rendered":"<p>Regala un momento de serenidad a alguien especial. Con nuestro Vegan Relaxing Massage las preocupaciones desaparecen, nuestra combinaci\u00f3n de aceites de baobab, lavand\u00edn y bergamota ayudan a desconectarse de la rutina del d\u00eda a d\u00eda y a disfrutar de un momento de paz.<\/p>\n","protected":false},"excerpt":{"rendered":"<p>Regala un momento de serenidad a alguien especial. Con nuestro Vegan Relaxing Massage las preocupaciones desaparecen, nuestra combinaci\u00f3n de aceites de baobab, lavand\u00edn y bergamota ayudan a desconectarse de la rutina del d\u00eda a d\u00eda y a disfrutar de un momento de paz.<\/p>\n","protected":false},"featured_media":6850,"comment_status":"open","ping_status":"closed","template":"","meta":[],"product_brand":[],"product_cat":[48,49],"product_tag":[50],"class_list":{"0":"post-959","1":"product","2":"type-product","3":"status-publish","4":"has-post-thumbnail","6":"product_cat-masajes","7":"product_cat-regala","8":"product_tag-regala","10":"first","11":"instock","12":"shipping-taxable","13":"purchasable","14":"product-type-simple"},"yoast_head":"<!-- This site is optimized with the Yoast SEO Premium plugin v26.9 (Yoast SEO v26.9) - https:\/\/yoast.com\/product\/yoast-seo-premium-wordpress\/ -->\n<title>Gift-Vegan Relaxing Massage \/ 80 MIN - Chat2desk Mexico<\/title>\n<meta name=\"description\" content=\"Regala un masaje vegano de 80 min con baobab, lavand\u00edn y bergamota. Desconecta de la rutina y disfruta de un momento de paz absoluto. \u00a1Haz tu regalo hoy!\" \/>\n<meta name=\"robots\" content=\"index, follow, max-snippet:-1, max-image-preview:large, max-video-preview:-1\" \/>\n<link rel=\"canonical\" href=\"https:\/\/test01.chat2desk.mx\/?product=foundation\" \/>\n<meta property=\"og:locale\" content=\"es_MX\" \/>\n<meta property=\"og:type\" content=\"article\" \/>\n<meta property=\"og:title\" content=\"Gift-Vegan Relaxing Massage \/ 80 MIN\" \/>\n<meta property=\"og:description\" content=\"Regala un masaje vegano de 80 min con baobab, lavand\u00edn y bergamota. Desconecta de la rutina y disfruta de un momento de paz absoluto. \u00a1Haz tu regalo hoy!\" \/>\n<meta property=\"og:url\" content=\"https:\/\/test01.chat2desk.mx\/?product=foundation\" \/>\n<meta property=\"og:site_name\" content=\"Chat2desk Mexico\" \/>\n<meta property=\"article:modified_time\" content=\"2026-04-08T21:30:01+00:00\" \/>\n<meta property=\"og:image\" content=\"https:\/\/test01.chat2desk.mx\/wp-content\/uploads\/2022\/08\/Vegan-relaxing-massage-2-scaled-e17685798867393.jpg\" \/>\n\t<meta property=\"og:image:width\" content=\"1000\" \/>\n\t<meta property=\"og:image:height\" content=\"1000\" \/>\n\t<meta property=\"og:image:type\" content=\"image\/jpeg\" \/>\n<meta name=\"twitter:card\" content=\"summary_large_image\" \/>\n<meta name=\"twitter:label1\" content=\"Tiempo de lectura\" \/>\n\t<meta name=\"twitter:data1\" content=\"1 minuto\" \/>\n<script type=\"application\/ld+json\" class=\"yoast-schema-graph\">{\"@context\":\"https:\/\/schema.org\",\"@graph\":[{\"@type\":\"WebPage\",\"@id\":\"https:\/\/test01.chat2desk.mx\/?product=foundation\",\"url\":\"https:\/\/test01.chat2desk.mx\/?product=foundation\",\"name\":\"Gift-Vegan Relaxing Massage \/ 80 MIN - Chat2desk Mexico\",\"isPartOf\":{\"@id\":\"https:\/\/test01.chat2desk.mx\/#website\"},\"primaryImageOfPage\":{\"@id\":\"https:\/\/test01.chat2desk.mx\/?product=foundation#primaryimage\"},\"image\":{\"@id\":\"https:\/\/test01.chat2desk.mx\/?product=foundation#primaryimage\"},\"thumbnailUrl\":\"https:\/\/test01.chat2desk.mx\/wp-content\/uploads\/2022\/08\/Vegan-relaxing-massage-2-scaled-e17685798867393.jpg\",\"datePublished\":\"2022-08-29T03:21:38+00:00\",\"dateModified\":\"2026-04-08T21:30:01+00:00\",\"description\":\"Regala un masaje vegano de 80 min con baobab, lavand\u00edn y bergamota. Desconecta de la rutina y disfruta de un momento de paz absoluto. \u00a1Haz tu regalo hoy!\",\"breadcrumb\":{\"@id\":\"https:\/\/test01.chat2desk.mx\/?product=foundation#breadcrumb\"},\"inLanguage\":\"es\",\"potentialAction\":[{\"@type\":\"ReadAction\",\"target\":[\"https:\/\/test01.chat2desk.mx\/?product=foundation\"]}]},{\"@type\":\"ImageObject\",\"inLanguage\":\"es\",\"@id\":\"https:\/\/test01.chat2desk.mx\/?product=foundation#primaryimage\",\"url\":\"https:\/\/test01.chat2desk.mx\/wp-content\/uploads\/2022\/08\/Vegan-relaxing-massage-2-scaled-e17685798867393.jpg\",\"contentUrl\":\"https:\/\/test01.chat2desk.mx\/wp-content\/uploads\/2022\/08\/Vegan-relaxing-massage-2-scaled-e17685798867393.jpg\",\"width\":1000,\"height\":1000},{\"@type\":\"BreadcrumbList\",\"@id\":\"https:\/\/test01.chat2desk.mx\/?product=foundation#breadcrumb\",\"itemListElement\":[{\"@type\":\"ListItem\",\"position\":1,\"name\":\"Inicio\",\"item\":\"https:\/\/test01.chat2desk.mx\/\"},{\"@type\":\"ListItem\",\"position\":2,\"name\":\"Gift\",\"item\":\"https:\/\/test01.chat2desk.mx\/?page_id=16\"},{\"@type\":\"ListItem\",\"position\":3,\"name\":\"Gift-Vegan Relaxing Massage \/ 80 MIN\"}]},{\"@type\":\"WebSite\",\"@id\":\"https:\/\/test01.chat2desk.mx\/#website\",\"url\":\"https:\/\/test01.chat2desk.mx\/\",\"name\":\"Chat2desk Mexico\",\"description\":\"\",\"potentialAction\":[{\"@type\":\"SearchAction\",\"target\":{\"@type\":\"EntryPoint\",\"urlTemplate\":\"https:\/\/test01.chat2desk.mx\/?s={search_term_string}\"},\"query-input\":{\"@type\":\"PropertyValueSpecification\",\"valueRequired\":true,\"valueName\":\"search_term_string\"}}],\"inLanguage\":\"es\"}]}<\/script>\n<!-- \/ Yoast SEO Premium plugin. -->","yoast_head_json":{"title":"Gift-Vegan Relaxing Massage \/ 80 MIN - Chat2desk Mexico","description":"Regala un masaje vegano de 80 min con baobab, lavand\u00edn y bergamota. Desconecta de la rutina y disfruta de un momento de paz absoluto. \u00a1Haz tu regalo hoy!","robots":{"index":"index","follow":"follow","max-snippet":"max-snippet:-1","max-image-preview":"max-image-preview:large","max-video-preview":"max-video-preview:-1"},"canonical":"https:\/\/test01.chat2desk.mx\/?product=foundation","og_locale":"es_MX","og_type":"article","og_title":"Gift-Vegan Relaxing Massage \/ 80 MIN","og_description":"Regala un masaje vegano de 80 min con baobab, lavand\u00edn y bergamota. Desconecta de la rutina y disfruta de un momento de paz absoluto. \u00a1Haz tu regalo hoy!","og_url":"https:\/\/test01.chat2desk.mx\/?product=foundation","og_site_name":"Chat2desk Mexico","article_modified_time":"2026-04-08T21:30:01+00:00","og_image":[{"width":1000,"height":1000,"url":"https:\/\/test01.chat2desk.mx\/wp-content\/uploads\/2022\/08\/Vegan-relaxing-massage-2-scaled-e17685798867393.jpg","type":"image\/jpeg"}],"twitter_card":"summary_large_image","twitter_misc":{"Tiempo de lectura":"1 minuto"},"schema":{"@context":"https:\/\/schema.org","@graph":[{"@type":"WebPage","@id":"https:\/\/test01.chat2desk.mx\/?product=foundation","url":"https:\/\/test01.chat2desk.mx\/?product=foundation","name":"Gift-Vegan Relaxing Massage \/ 80 MIN - Chat2desk Mexico","isPartOf":{"@id":"https:\/\/test01.chat2desk.mx\/#website"},"primaryImageOfPage":{"@id":"https:\/\/test01.chat2desk.mx\/?product=foundation#primaryimage"},"image":{"@id":"https:\/\/test01.chat2desk.mx\/?product=foundation#primaryimage"},"thumbnailUrl":"https:\/\/test01.chat2desk.mx\/wp-content\/uploads\/2022\/08\/Vegan-relaxing-massage-2-scaled-e17685798867393.jpg","datePublished":"2022-08-29T03:21:38+00:00","dateModified":"2026-04-08T21:30:01+00:00","description":"Regala un masaje vegano de 80 min con baobab, lavand\u00edn y bergamota. Desconecta de la rutina y disfruta de un momento de paz absoluto. \u00a1Haz tu regalo hoy!","breadcrumb":{"@id":"https:\/\/test01.chat2desk.mx\/?product=foundation#breadcrumb"},"inLanguage":"es","potentialAction":[{"@type":"ReadAction","target":["https:\/\/test01.chat2desk.mx\/?product=foundation"]}]},{"@type":"ImageObject","inLanguage":"es","@id":"https:\/\/test01.chat2desk.mx\/?product=foundation#primaryimage","url":"https:\/\/test01.chat2desk.mx\/wp-content\/uploads\/2022\/08\/Vegan-relaxing-massage-2-scaled-e17685798867393.jpg","contentUrl":"https:\/\/test01.chat2desk.mx\/wp-content\/uploads\/2022\/08\/Vegan-relaxing-massage-2-scaled-e17685798867393.jpg","width":1000,"height":1000},{"@type":"BreadcrumbList","@id":"https:\/\/test01.chat2desk.mx\/?product=foundation#breadcrumb","itemListElement":[{"@type":"ListItem","position":1,"name":"Inicio","item":"https:\/\/test01.chat2desk.mx\/"},{"@type":"ListItem","position":2,"name":"Gift","item":"https:\/\/test01.chat2desk.mx\/?page_id=16"},{"@type":"ListItem","position":3,"name":"Gift-Vegan Relaxing Massage \/ 80 MIN"}]},{"@type":"WebSite","@id":"https:\/\/test01.chat2desk.mx\/#website","url":"https:\/\/test01.chat2desk.mx\/","name":"Chat2desk Mexico","description":"","potentialAction":[{"@type":"SearchAction","target":{"@type":"EntryPoint","urlTemplate":"https:\/\/test01.chat2desk.mx\/?s={search_term_string}"},"query-input":{"@type":"PropertyValueSpecification","valueRequired":true,"valueName":"search_term_string"}}],"inLanguage":"es"}]}},"_links":{"self":[{"href":"https:\/\/test01.chat2desk.mx\/index.php?rest_route=\/wp\/v2\/product\/959","targetHints":{"allow":["GET"]}}],"collection":[{"href":"https:\/\/test01.chat2desk.mx\/index.php?rest_route=\/wp\/v2\/product"}],"about":[{"href":"https:\/\/test01.chat2desk.mx\/index.php?rest_route=\/wp\/v2\/types\/product"}],"replies":[{"embeddable":true,"href":"https:\/\/test01.chat2desk.mx\/index.php?rest_route=%2Fwp%2Fv2%2Fcomments&post=959"}],"wp:featuredmedia":[{"embeddable":true,"href":"https:\/\/test01.chat2desk.mx\/index.php?rest_route=\/wp\/v2\/media\/6850"}],"wp:attachment":[{"href":"https:\/\/test01.chat2desk.mx\/index.php?rest_route=%2Fwp%2Fv2%2Fmedia&parent=959"}],"wp:term":[{"taxonomy":"product_brand","embeddable":true,"href":"https:\/\/test01.chat2desk.mx\/index.php?rest_route=%2Fwp%2Fv2%2Fproduct_brand&post=959"},{"taxonomy":"product_cat","embeddable":true,"href":"https:\/\/test01.chat2desk.mx\/index.php?rest_route=%2Fwp%2Fv2%2Fproduct_cat&post=959"},{"taxonomy":"product_tag","embeddable":true,"href":"https:\/\/test01.chat2desk.mx\/index.php?rest_route=%2Fwp%2Fv2%2Fproduct_tag&post=959"}],"curies":[{"name":"wp","href":"https:\/\/api.w.org\/{rel}","templated":true}]}}